{"id":660,"date":"2024-02-23T10:35:16","date_gmt":"2024-02-23T09:35:16","guid":{"rendered":"https:\/\/programadocentia.umh.es\/?page_id=660"},"modified":"2024-02-23T10:40:46","modified_gmt":"2024-02-23T09:40:46","slug":"comision-de-trabajo-para-la-certificacion-por-la-aneca-del-programa-docentia-umh","status":"publish","type":"page","link":"https:\/\/programadocentia.umh.es\/en\/programa-docentia-umhpresentacion\/agentes-de-la-evaluacion-y-seguimiento-del-programa-docentia-umh\/comision-de-trabajo-para-la-certificacion-por-la-aneca-del-programa-docentia-umh\/","title":{"rendered":"<span lang=\"es\">(Espa\u00f1ol) COMISI\u00d3N DE TRABAJO PARA LA CERTIFICACI\u00d3N PROGRAMA DOCENTIA-UMH<\/span>"},"content":{"rendered":"<p class=\"qtranxs-available-languages-message qtranxs-available-languages-message-en\">Sorry, this entry is only available in <a href=\"https:\/\/programadocentia.umh.es\/es\/wp-json\/wp\/v2\/pages\/660\" class=\"qtranxs-available-language-link qtranxs-available-language-link-es\" title=\"Espa\u00f1ol\">European Spanish<\/a>.<\/p>","protected":false},"excerpt":{"rendered":"<p>Sorry, this entry is only available in European Spanish.<\/p>\n","protected":false},"author":326,"featured_media":0,"parent":22,"menu_order":45,"comment_status":"closed","ping_status":"closed","template":"","meta":{"_links_to":"","_links_to_target":""},"_links":{"self":[{"href":"https:\/\/programadocentia.umh.es\/en\/wp-json\/wp\/v2\/pages\/660"}],"collection":[{"href":"https:\/\/programadocentia.umh.es\/en\/wp-json\/wp\/v2\/pages"}],"about":[{"href":"https:\/\/programadocentia.umh.es\/en\/wp-json\/wp\/v2\/types\/page"}],"author":[{"embeddable":true,"href":"https:\/\/programadocentia.umh.es\/en\/wp-json\/wp\/v2\/users\/326"}],"replies":[{"embeddable":true,"href":"https:\/\/programadocentia.umh.es\/en\/wp-json\/wp\/v2\/comments?post=660"}],"version-history":[{"count":0,"href":"https:\/\/programadocentia.umh.es\/en\/wp-json\/wp\/v2\/pages\/660\/revisions"}],"up":[{"embeddable":true,"href":"https:\/\/programadocentia.umh.es\/en\/wp-json\/wp\/v2\/pages\/22"}],"wp:attachment":[{"href":"https:\/\/programadocentia.umh.es\/en\/wp-json\/wp\/v2\/media?parent=660"}],"curies":[{"name":"wp","href":"https:\/\/api.w.org\/{rel}","templated":true}]}}